{"id":1892,"date":"2024-02-23T21:46:04","date_gmt":"2024-02-23T20:46:04","guid":{"rendered":"https:\/\/voilierkribi.fr\/?page_id=1892"},"modified":"2024-10-31T13:30:58","modified_gmt":"2024-10-31T12:30:58","slug":"a-la-une","status":"publish","type":"page","link":"https:\/\/voilierkribi.fr\/","title":{"rendered":"A la une"},"content":{"rendered":"<div class=\"advgb-recent-posts-block frontpage-view layout-1-2 gap-40 style-default tbl-layout-1-3 mbl-layout-stacked recent-posts-0cadf1de-b9d9-4136-83f2-d7c0e7ba5735\"><div class=\"advgb-recent-posts\"><article class=\"advgb-recent-post\"><div class=\"advgb-post-thumbnail\"><a href=\"https:\/\/voilierkribi.fr\/index.php\/2024\/11\/09\/sortie-de-leau-2024\/\"><img loading=\"lazy\" decoding=\"async\" width=\"1024\" height=\"576\" src=\"https:\/\/voilierkribi.fr\/wp-content\/uploads\/2025\/02\/2024-11-09-10.03.39-1-1024x576.jpg\" class=\"attachment-large size-large\" alt=\"\" srcset=\"https:\/\/voilierkribi.fr\/wp-content\/uploads\/2025\/02\/2024-11-09-10.03.39-1-1024x576.jpg 1024w, https:\/\/voilierkribi.fr\/wp-content\/uploads\/2025\/02\/2024-11-09-10.03.39-1-300x169.jpg 300w, https:\/\/voilierkribi.fr\/wp-content\/uploads\/2025\/02\/2024-11-09-10.03.39-1-768x432.jpg 768w, https:\/\/voilierkribi.fr\/wp-content\/uploads\/2025\/02\/2024-11-09-10.03.39-1-1536x864.jpg 1536w, https:\/\/voilierkribi.fr\/wp-content\/uploads\/2025\/02\/2024-11-09-10.03.39-1-2048x1152.jpg 2048w\" sizes=\"auto, (max-width: 1024px) 100vw, 1024px\" \/><\/a><\/div><div class=\"advgb-post-wrapper\"><h2 class=\"advgb-post-title\"><a href=\"https:\/\/voilierkribi.fr\/index.php\/2024\/11\/09\/sortie-de-leau-2024\/\">Sortie de l&rsquo;eau 2024<\/a><\/h2><div class=\"advgb-post-info\"><span class=\"advgb-post-datetime\">Publi\u00e9 le 9 novembre 2024<\/span><\/div><div class=\"advgb-post-content\"><div class=\"advgb-post-excerpt\">La saison 2024 est termin\u00e9e. Bien qu&rsquo;elle ait \u00e9t\u00e9 raccourcie du fait de ma fracture de la cheville, elle a \u00e9t\u00e9 marqu\u00e9e par quelques aboutissements attendus, ma premi\u00e8re nuit \u00e0 bord de Kribi <\/div><div class=\"advgb-post-readmore\"><a href=\"https:\/\/voilierkribi.fr\/index.php\/2024\/11\/09\/sortie-de-leau-2024\/\">Lire la suite<\/a><\/div><\/div><\/div><\/article><article class=\"advgb-recent-post\"><div class=\"advgb-post-thumbnail\"><a href=\"https:\/\/voilierkribi.fr\/index.php\/2024\/10\/13\/premiere-regate-de-kribi\/\"><img loading=\"lazy\" decoding=\"async\" width=\"1024\" height=\"465\" src=\"https:\/\/voilierkribi.fr\/wp-content\/uploads\/2024\/10\/InShot_20241029_203746306-1024x465.jpg\" class=\"attachment-large size-large\" alt=\"\" srcset=\"https:\/\/voilierkribi.fr\/wp-content\/uploads\/2024\/10\/InShot_20241029_203746306-1024x465.jpg 1024w, https:\/\/voilierkribi.fr\/wp-content\/uploads\/2024\/10\/InShot_20241029_203746306-300x136.jpg 300w, https:\/\/voilierkribi.fr\/wp-content\/uploads\/2024\/10\/InShot_20241029_203746306-768x348.jpg 768w, https:\/\/voilierkribi.fr\/wp-content\/uploads\/2024\/10\/InShot_20241029_203746306-1536x697.jpg 1536w, https:\/\/voilierkribi.fr\/wp-content\/uploads\/2024\/10\/InShot_20241029_203746306-2048x929.jpg 2048w\" sizes=\"auto, (max-width: 1024px) 100vw, 1024px\" \/><\/a><\/div><div class=\"advgb-post-wrapper\"><h2 class=\"advgb-post-title\"><a href=\"https:\/\/voilierkribi.fr\/index.php\/2024\/10\/13\/premiere-regate-de-kribi\/\">Premi\u00e8re r\u00e9gate de Kribi<\/a><\/h2><div class=\"advgb-post-info\"><span class=\"advgb-post-datetime\">Publi\u00e9 le 13 octobre 2024<\/span><\/div><div class=\"advgb-post-content\"><div class=\"advgb-post-excerpt\">Avant m\u00eame d&rsquo;avoir un bateau, j&rsquo;esp\u00e9rais d\u00e9j\u00e0 faire un peu de r\u00e9gate. N&rsquo;ayant pu le faire jusqu&rsquo;ici, c&rsquo;\u00e9tait un de mes objectifs prioritaires cette ann\u00e9e, et l&rsquo;objectif est atteint ! C&rsquo;est l<\/div><div class=\"advgb-post-readmore\"><a href=\"https:\/\/voilierkribi.fr\/index.php\/2024\/10\/13\/premiere-regate-de-kribi\/\">Lire la suite<\/a><\/div><\/div><\/div><\/article><article class=\"advgb-recent-post\"><div class=\"advgb-post-thumbnail\"><a href=\"https:\/\/voilierkribi.fr\/index.php\/2024\/09\/01\/premiere-nuit-a-bord\/\"><img loading=\"lazy\" decoding=\"async\" width=\"1024\" height=\"576\" src=\"https:\/\/voilierkribi.fr\/wp-content\/uploads\/2024\/10\/20240831_203500-1024x576.jpg\" class=\"attachment-large size-large\" alt=\"\" srcset=\"https:\/\/voilierkribi.fr\/wp-content\/uploads\/2024\/10\/20240831_203500-1024x576.jpg 1024w, https:\/\/voilierkribi.fr\/wp-content\/uploads\/2024\/10\/20240831_203500-300x169.jpg 300w, https:\/\/voilierkribi.fr\/wp-content\/uploads\/2024\/10\/20240831_203500-768x432.jpg 768w, https:\/\/voilierkribi.fr\/wp-content\/uploads\/2024\/10\/20240831_203500-1536x864.jpg 1536w, https:\/\/voilierkribi.fr\/wp-content\/uploads\/2024\/10\/20240831_203500-2048x1152.jpg 2048w\" sizes=\"auto, (max-width: 1024px) 100vw, 1024px\" \/><\/a><\/div><div class=\"advgb-post-wrapper\"><h2 class=\"advgb-post-title\"><a href=\"https:\/\/voilierkribi.fr\/index.php\/2024\/09\/01\/premiere-nuit-a-bord\/\">Premi\u00e8re nuit \u00e0 bord<\/a><\/h2><div class=\"advgb-post-info\"><span class=\"advgb-post-datetime\">Publi\u00e9 le 1 septembre 2024<\/span><\/div><div class=\"advgb-post-content\"><div class=\"advgb-post-excerpt\">Mille sabords ! S&rsquo;il y a une chose que je voulais faire depuis longtemps, c&rsquo;est bien dormir \u00e0 bord de Kribi ! Pas compliqu\u00e9 en soi, mais il fallait juste un alignement de plan\u00e8tes : Des cond<\/div><div class=\"advgb-post-readmore\"><a href=\"https:\/\/voilierkribi.fr\/index.php\/2024\/09\/01\/premiere-nuit-a-bord\/\">Lire la suite<\/a><\/div><\/div><\/div><\/article><\/div><\/div>","protected":false},"excerpt":{"rendered":"","protected":false},"author":1,"featured_media":0,"parent":0,"menu_order":0,"comment_status":"closed","ping_status":"closed","template":"","meta":{"advgb_blocks_editor_width":"","advgb_blocks_columns_visual_guide":"","footnotes":""},"class_list":["post-1892","page","type-page","status-publish","hentry"],"coauthors":[],"author_meta":{"author_link":"https:\/\/voilierkribi.fr\/index.php\/author\/admin7450\/","display_name":"Jean"},"relative_dates":{"created":"Publi\u00e9 2 ans il y a","modified":"Mis \u00e0 jour 2 ans il y a"},"absolute_dates":{"created":"Publi\u00e9 le 23 f\u00e9vrier 2024","modified":"Mise \u00e0 jour le 31 octobre 2024"},"absolute_dates_time":{"created":"Publi\u00e9 le 23 f\u00e9vrier 2024 21h46","modified":"Mise \u00e0 jour le 31 octobre 2024 13h30"},"featured_img_caption":"","featured_img":false,"series_order":"","_links":{"self":[{"href":"https:\/\/voilierkribi.fr\/index.php\/wp-json\/wp\/v2\/pages\/1892","targetHints":{"allow":["GET"]}}],"collection":[{"href":"https:\/\/voilierkribi.fr\/index.php\/wp-json\/wp\/v2\/pages"}],"about":[{"href":"https:\/\/voilierkribi.fr\/index.php\/wp-json\/wp\/v2\/types\/page"}],"author":[{"embeddable":true,"href":"https:\/\/voilierkribi.fr\/index.php\/wp-json\/wp\/v2\/users\/1"}],"replies":[{"embeddable":true,"href":"https:\/\/voilierkribi.fr\/index.php\/wp-json\/wp\/v2\/comments?post=1892"}],"version-history":[{"count":20,"href":"https:\/\/voilierkribi.fr\/index.php\/wp-json\/wp\/v2\/pages\/1892\/revisions"}],"predecessor-version":[{"id":2227,"href":"https:\/\/voilierkribi.fr\/index.php\/wp-json\/wp\/v2\/pages\/1892\/revisions\/2227"}],"wp:attachment":[{"href":"https:\/\/voilierkribi.fr\/index.php\/wp-json\/wp\/v2\/media?parent=1892"}],"curies":[{"name":"wp","href":"https:\/\/api.w.org\/{rel}","templated":true}]}}