{"id":2293,"date":"2025-02-08T21:04:59","date_gmt":"2025-02-08T20:04:59","guid":{"rendered":"https:\/\/voilierkribi.fr\/?page_id=2293"},"modified":"2025-02-08T21:10:09","modified_gmt":"2025-02-08T20:10:09","slug":"contact","status":"publish","type":"page","link":"https:\/\/voilierkribi.fr\/index.php\/contact\/","title":{"rendered":"Contact"},"content":{"rendered":"\n<p>N&rsquo;h\u00e9sitez pas \u00e0 me laisser un message en passant.<\/p>\n\n\n\n<p>Il est \u00e9galement possible de laisser un commentaire sous les articles du blog.<\/p>\n\n\n\n<p><\/p>\n\n\n\n<div class=\"wp-block-advgb-contact-form advgb-contact-form\"><form method=\"POST\"><div class=\"advgb-form-field advgb-form-field-half\"><input type=\"text\" class=\"advgb-form-input advgb-form-input-name\" placeholder=\"Nom\" name=\"contact_name\"\/><\/div><div class=\"advgb-form-field advgb-form-field-half\"><input type=\"email\" class=\"advgb-form-input advgb-form-input-email\" placeholder=\"Email\" name=\"contact_email\"\/><\/div><div class=\"advgb-form-field advgb-form-field-full\"><textarea class=\"advgb-form-input advgb-form-input-msg\" placeholder=\"Message\" name=\"contact_message\"><\/textarea><\/div><div class=\"advgb-grecaptcha clearfix position-right\"><\/div><input type=\"hidden\" name=\"advgb_blockform_nonce_field\" value=\"737070422a\"><div class=\"advgb-form-submit-wrapper\" style=\"text-align:right\"><button class=\"advgb-form-submit\" type=\"submit\" data-success=\"Merci pour votre message !\" data-alert=\"Le champ de message est vide\">Envoyer<\/button><\/div><\/form><\/div>\n","protected":false},"excerpt":{"rendered":"<p>N&rsquo;h\u00e9sitez pas \u00e0 me laisser un message en passant. Il est \u00e9galement possible de laisser un commentaire sous les articles du blog.<\/p>\n","protected":false},"author":1,"featured_media":0,"parent":0,"menu_order":0,"comment_status":"closed","ping_status":"closed","template":"","meta":{"advgb_blocks_editor_width":"","advgb_blocks_columns_visual_guide":"","footnotes":""},"class_list":["post-2293","page","type-page","status-publish","hentry"],"coauthors":[],"author_meta":{"author_link":"https:\/\/voilierkribi.fr\/index.php\/author\/admin7450\/","display_name":"Jean"},"relative_dates":{"created":"Publi\u00e9 1 an il y a","modified":"Mis \u00e0 jour 1 an il y a"},"absolute_dates":{"created":"Publi\u00e9 le 8 f\u00e9vrier 2025","modified":"Mise \u00e0 jour le 8 f\u00e9vrier 2025"},"absolute_dates_time":{"created":"Publi\u00e9 le 8 f\u00e9vrier 2025 21h04","modified":"Mise \u00e0 jour le 8 f\u00e9vrier 2025 21h10"},"featured_img_caption":"","featured_img":false,"series_order":"","_links":{"self":[{"href":"https:\/\/voilierkribi.fr\/index.php\/wp-json\/wp\/v2\/pages\/2293","targetHints":{"allow":["GET"]}}],"collection":[{"href":"https:\/\/voilierkribi.fr\/index.php\/wp-json\/wp\/v2\/pages"}],"about":[{"href":"https:\/\/voilierkribi.fr\/index.php\/wp-json\/wp\/v2\/types\/page"}],"author":[{"embeddable":true,"href":"https:\/\/voilierkribi.fr\/index.php\/wp-json\/wp\/v2\/users\/1"}],"replies":[{"embeddable":true,"href":"https:\/\/voilierkribi.fr\/index.php\/wp-json\/wp\/v2\/comments?post=2293"}],"version-history":[{"count":3,"href":"https:\/\/voilierkribi.fr\/index.php\/wp-json\/wp\/v2\/pages\/2293\/revisions"}],"predecessor-version":[{"id":2297,"href":"https:\/\/voilierkribi.fr\/index.php\/wp-json\/wp\/v2\/pages\/2293\/revisions\/2297"}],"wp:attachment":[{"href":"https:\/\/voilierkribi.fr\/index.php\/wp-json\/wp\/v2\/media?parent=2293"}],"curies":[{"name":"wp","href":"https:\/\/api.w.org\/{rel}","templated":true}]}}