{"id":860,"date":"2023-02-24T20:44:32","date_gmt":"2023-02-24T19:44:32","guid":{"rendered":"https:\/\/voilierkribi.fr\/?page_id=860"},"modified":"2024-10-30T20:46:21","modified_gmt":"2024-10-30T19:46:21","slug":"articles","status":"publish","type":"page","link":"https:\/\/voilierkribi.fr\/index.php\/articles\/","title":{"rendered":"Journal de bord"},"content":{"rendered":"<div class=\"advgb-recent-posts-block list-view recent-posts-207c5167-38a0-4c3d-9e92-8e5f3ac50568\"><div class=\"advgb-recent-posts\"><article class=\"advgb-recent-post\"><div class=\"advgb-post-thumbnail\"><a href=\"https:\/\/voilierkribi.fr\/index.php\/2024\/07\/07\/infortune-de-terre\/\"><img loading=\"lazy\" decoding=\"async\" width=\"1024\" height=\"858\" src=\"https:\/\/voilierkribi.fr\/wp-content\/uploads\/2024\/07\/20240509_160352bis-1024x858.jpg\" class=\"attachment-large size-large\" alt=\"\" srcset=\"https:\/\/voilierkribi.fr\/wp-content\/uploads\/2024\/07\/20240509_160352bis-1024x858.jpg 1024w, https:\/\/voilierkribi.fr\/wp-content\/uploads\/2024\/07\/20240509_160352bis-300x251.jpg 300w, https:\/\/voilierkribi.fr\/wp-content\/uploads\/2024\/07\/20240509_160352bis-768x643.jpg 768w, https:\/\/voilierkribi.fr\/wp-content\/uploads\/2024\/07\/20240509_160352bis-1536x1287.jpg 1536w, https:\/\/voilierkribi.fr\/wp-content\/uploads\/2024\/07\/20240509_160352bis-2048x1716.jpg 2048w\" sizes=\"auto, (max-width: 1024px) 100vw, 1024px\" \/><\/a><\/div><div class=\"advgb-post-wrapper\"><h2 class=\"advgb-post-title\"><a href=\"https:\/\/voilierkribi.fr\/index.php\/2024\/07\/07\/infortune-de-terre\/\">Infortune de terre<\/a><\/h2><div class=\"advgb-post-content\"><div class=\"advgb-post-excerpt\">La gravit\u00e9 terrestre s&rsquo;est rappel\u00e9e \u00e0 moi subitement. Le 27 avril, alors que je circulais \u00e0 v\u00e9lo sur une piste cyclable d\u00e9tremp\u00e9e par les r\u00e9cents orag<\/div><\/div><\/div><\/article><article class=\"advgb-recent-post\"><div class=\"advgb-post-thumbnail\"><a href=\"https:\/\/voilierkribi.fr\/index.php\/2024\/04\/10\/la-saison-2024-est-lancee\/\"><img loading=\"lazy\" decoding=\"async\" width=\"1024\" height=\"461\" src=\"https:\/\/voilierkribi.fr\/wp-content\/uploads\/2024\/09\/2024-04-10-16.01.12-1024x461.jpg\" class=\"attachment-large size-large\" alt=\"\" srcset=\"https:\/\/voilierkribi.fr\/wp-content\/uploads\/2024\/09\/2024-04-10-16.01.12-1024x461.jpg 1024w, https:\/\/voilierkribi.fr\/wp-content\/uploads\/2024\/09\/2024-04-10-16.01.12-300x135.jpg 300w, https:\/\/voilierkribi.fr\/wp-content\/uploads\/2024\/09\/2024-04-10-16.01.12-768x346.jpg 768w, https:\/\/voilierkribi.fr\/wp-content\/uploads\/2024\/09\/2024-04-10-16.01.12-1536x692.jpg 1536w, https:\/\/voilierkribi.fr\/wp-content\/uploads\/2024\/09\/2024-04-10-16.01.12-2048x922.jpg 2048w\" sizes=\"auto, (max-width: 1024px) 100vw, 1024px\" \/><\/a><\/div><div class=\"advgb-post-wrapper\"><h2 class=\"advgb-post-title\"><a href=\"https:\/\/voilierkribi.fr\/index.php\/2024\/04\/10\/la-saison-2024-est-lancee\/\">La saison 2024 est lanc\u00e9e<\/a><\/h2><div class=\"advgb-post-content\"><div class=\"advgb-post-excerpt\">La saison de voile est d\u00e9marr\u00e9e depuis \u00e0 peine 3 semaines et fid\u00e8le \u00e0 ma philosophie de naviguer le plus possible, je d\u00e9cide de mettre Kribi \u00e0 l&rsquo;eau s<\/div><\/div><\/div><\/article><article class=\"advgb-recent-post\"><div class=\"advgb-post-thumbnail\"><a href=\"https:\/\/voilierkribi.fr\/index.php\/2024\/02\/10\/initiation-theorique-a-la-regate\/\"><img loading=\"lazy\" decoding=\"async\" width=\"1024\" height=\"461\" src=\"https:\/\/voilierkribi.fr\/wp-content\/uploads\/2024\/02\/2024-02-10-15.18.59-1024x461.jpg\" class=\"attachment-large size-large\" alt=\"\" srcset=\"https:\/\/voilierkribi.fr\/wp-content\/uploads\/2024\/02\/2024-02-10-15.18.59-1024x461.jpg 1024w, https:\/\/voilierkribi.fr\/wp-content\/uploads\/2024\/02\/2024-02-10-15.18.59-300x135.jpg 300w, https:\/\/voilierkribi.fr\/wp-content\/uploads\/2024\/02\/2024-02-10-15.18.59-768x346.jpg 768w, https:\/\/voilierkribi.fr\/wp-content\/uploads\/2024\/02\/2024-02-10-15.18.59-1536x692.jpg 1536w, https:\/\/voilierkribi.fr\/wp-content\/uploads\/2024\/02\/2024-02-10-15.18.59-2048x922.jpg 2048w\" sizes=\"auto, (max-width: 1024px) 100vw, 1024px\" \/><\/a><\/div><div class=\"advgb-post-wrapper\"><h2 class=\"advgb-post-title\"><a href=\"https:\/\/voilierkribi.fr\/index.php\/2024\/02\/10\/initiation-theorique-a-la-regate\/\">Initiation th\u00e9orique \u00e0 la r\u00e9gate<\/a><\/h2><div class=\"advgb-post-content\"><div class=\"advgb-post-excerpt\">C&rsquo;est encore l&rsquo;hiver, la saison de voile n&rsquo;a pas commenc\u00e9 et je d\u00e9cide d&rsquo;assister \u00e0 une rencontre organis\u00e9e par Pierre Bertrand du Comit\u00e9 d\u00e9partementa<\/div><\/div><\/div><\/article><article class=\"advgb-recent-post\"><div class=\"advgb-post-thumbnail\"><a href=\"https:\/\/voilierkribi.fr\/index.php\/2024\/02\/05\/bilan-des-deux-premieres-annees-sorties-budget\/\"><img loading=\"lazy\" decoding=\"async\" width=\"1024\" height=\"461\" src=\"https:\/\/voilierkribi.fr\/wp-content\/uploads\/2024\/02\/2023-06-18-17.50.12-1024x461.jpg\" class=\"attachment-large size-large\" alt=\"\" srcset=\"https:\/\/voilierkribi.fr\/wp-content\/uploads\/2024\/02\/2023-06-18-17.50.12-1024x461.jpg 1024w, https:\/\/voilierkribi.fr\/wp-content\/uploads\/2024\/02\/2023-06-18-17.50.12-300x135.jpg 300w, https:\/\/voilierkribi.fr\/wp-content\/uploads\/2024\/02\/2023-06-18-17.50.12-768x346.jpg 768w, https:\/\/voilierkribi.fr\/wp-content\/uploads\/2024\/02\/2023-06-18-17.50.12-1536x692.jpg 1536w, https:\/\/voilierkribi.fr\/wp-content\/uploads\/2024\/02\/2023-06-18-17.50.12-2048x922.jpg 2048w\" sizes=\"auto, (max-width: 1024px) 100vw, 1024px\" \/><\/a><\/div><div class=\"advgb-post-wrapper\"><h2 class=\"advgb-post-title\"><a href=\"https:\/\/voilierkribi.fr\/index.php\/2024\/02\/05\/bilan-des-deux-premieres-annees-sorties-budget\/\">Bilan des deux premi\u00e8res ann\u00e9es : sorties, budget&#8230;<\/a><\/h2><div class=\"advgb-post-content\"><div class=\"advgb-post-excerpt\">Sur voilierkribi, on aime les bilans \ud83d\ude09 Apr\u00e8s celui de la saison, passons \u00e0 celui des deux ann\u00e9es ecoul\u00e9es depuis l&rsquo;aquisition du bateau. J&rsquo;ai longtemp<\/div><\/div><\/div><\/article><article class=\"advgb-recent-post\"><div class=\"advgb-post-thumbnail\"><a href=\"https:\/\/voilierkribi.fr\/index.php\/2023\/12\/02\/sortie-de-leau-compliquee\/\"><img loading=\"lazy\" decoding=\"async\" width=\"1024\" height=\"461\" src=\"https:\/\/voilierkribi.fr\/wp-content\/uploads\/2023\/12\/2023-12-02-14.41.23_000025-1024x461.png\" class=\"attachment-large size-large\" alt=\"\" srcset=\"https:\/\/voilierkribi.fr\/wp-content\/uploads\/2023\/12\/2023-12-02-14.41.23_000025-1024x461.png 1024w, https:\/\/voilierkribi.fr\/wp-content\/uploads\/2023\/12\/2023-12-02-14.41.23_000025-300x135.png 300w, https:\/\/voilierkribi.fr\/wp-content\/uploads\/2023\/12\/2023-12-02-14.41.23_000025-768x346.png 768w, https:\/\/voilierkribi.fr\/wp-content\/uploads\/2023\/12\/2023-12-02-14.41.23_000025-1536x691.png 1536w, https:\/\/voilierkribi.fr\/wp-content\/uploads\/2023\/12\/2023-12-02-14.41.23_000025.png 1920w\" sizes=\"auto, (max-width: 1024px) 100vw, 1024px\" \/><\/a><\/div><div class=\"advgb-post-wrapper\"><h2 class=\"advgb-post-title\"><a href=\"https:\/\/voilierkribi.fr\/index.php\/2023\/12\/02\/sortie-de-leau-compliquee\/\">Une sortie de l&rsquo;eau dantesque<\/a><\/h2><div class=\"advgb-post-content\"><div class=\"advgb-post-excerpt\">J&rsquo;ach\u00e8ve ma seconde saison tout heureux. Il ne reste plus qu&rsquo;une petite formalit\u00e9, sortir le bateau de l&rsquo;eau. Sur le papier, rien de bien m\u00e9chant : il<\/div><\/div><\/div><\/article><article class=\"advgb-recent-post\"><div class=\"advgb-post-thumbnail\"><a href=\"https:\/\/voilierkribi.fr\/index.php\/2023\/11\/06\/saison-2023\/\"><img loading=\"lazy\" decoding=\"async\" width=\"1024\" height=\"461\" src=\"https:\/\/voilierkribi.fr\/wp-content\/uploads\/2023\/11\/2023-10-14-17.35.01_000141-1024x461.png\" class=\"attachment-large size-large\" alt=\"\" srcset=\"https:\/\/voilierkribi.fr\/wp-content\/uploads\/2023\/11\/2023-10-14-17.35.01_000141-1024x461.png 1024w, https:\/\/voilierkribi.fr\/wp-content\/uploads\/2023\/11\/2023-10-14-17.35.01_000141-300x135.png 300w, https:\/\/voilierkribi.fr\/wp-content\/uploads\/2023\/11\/2023-10-14-17.35.01_000141-768x346.png 768w, https:\/\/voilierkribi.fr\/wp-content\/uploads\/2023\/11\/2023-10-14-17.35.01_000141-1536x691.png 1536w, https:\/\/voilierkribi.fr\/wp-content\/uploads\/2023\/11\/2023-10-14-17.35.01_000141.png 1920w\" sizes=\"auto, (max-width: 1024px) 100vw, 1024px\" \/><\/a><\/div><div class=\"advgb-post-wrapper\"><h2 class=\"advgb-post-title\"><a href=\"https:\/\/voilierkribi.fr\/index.php\/2023\/11\/06\/saison-2023\/\">Retour sur la saison 2023<\/a><\/h2><div class=\"advgb-post-content\"><div class=\"advgb-post-excerpt\">Avant de d\u00e9marrer la saison, je m&rsquo;\u00e9tais fix\u00e9 une s\u00e9rie d&rsquo;objectifs pour 2023. Petit retour sur ce qu&rsquo;il a \u00e9t\u00e9 possible de faire. Objectif 1 : D\u00e9marrer<\/div><\/div><\/div><\/article><article class=\"advgb-recent-post\"><div class=\"advgb-post-thumbnail\"><a href=\"https:\/\/voilierkribi.fr\/index.php\/2023\/04\/30\/mise-a-leau-2023\/\"><img loading=\"lazy\" decoding=\"async\" width=\"1024\" height=\"461\" src=\"https:\/\/voilierkribi.fr\/wp-content\/uploads\/2023\/05\/VideoCapture_20230514-005136-1024x461.jpg\" class=\"attachment-large size-large\" alt=\"\" srcset=\"https:\/\/voilierkribi.fr\/wp-content\/uploads\/2023\/05\/VideoCapture_20230514-005136-1024x461.jpg 1024w, https:\/\/voilierkribi.fr\/wp-content\/uploads\/2023\/05\/VideoCapture_20230514-005136-300x135.jpg 300w, https:\/\/voilierkribi.fr\/wp-content\/uploads\/2023\/05\/VideoCapture_20230514-005136-768x346.jpg 768w, https:\/\/voilierkribi.fr\/wp-content\/uploads\/2023\/05\/VideoCapture_20230514-005136-1536x691.jpg 1536w, https:\/\/voilierkribi.fr\/wp-content\/uploads\/2023\/05\/VideoCapture_20230514-005136-2048x922.jpg 2048w\" sizes=\"auto, (max-width: 1024px) 100vw, 1024px\" \/><\/a><\/div><div class=\"advgb-post-wrapper\"><h2 class=\"advgb-post-title\"><a href=\"https:\/\/voilierkribi.fr\/index.php\/2023\/04\/30\/mise-a-leau-2023\/\">Mise \u00e0 l&rsquo;eau 2023 et premiers frissons<\/a><\/h2><div class=\"advgb-post-content\"><div class=\"advgb-post-excerpt\">C&rsquo;est parti pour la nouvelle saison ! Je n&rsquo;ai pas encore tout \u00e0 fait termin\u00e9 la remise en \u00e9tat des boiseries, mais comme \u00e9voqu\u00e9 dans mes billets pr\u00e9c\u00e9<\/div><\/div><\/div><\/article><article class=\"advgb-recent-post\"><div class=\"advgb-post-thumbnail\"><a href=\"https:\/\/voilierkribi.fr\/index.php\/2023\/04\/09\/programme-2023\/\"><img loading=\"lazy\" decoding=\"async\" width=\"1024\" height=\"576\" src=\"https:\/\/voilierkribi.fr\/wp-content\/uploads\/2023\/04\/2022-08-20-18.37.36-1024x576.jpg\" class=\"attachment-large size-large\" alt=\"\" srcset=\"https:\/\/voilierkribi.fr\/wp-content\/uploads\/2023\/04\/2022-08-20-18.37.36-1024x576.jpg 1024w, https:\/\/voilierkribi.fr\/wp-content\/uploads\/2023\/04\/2022-08-20-18.37.36-300x169.jpg 300w, https:\/\/voilierkribi.fr\/wp-content\/uploads\/2023\/04\/2022-08-20-18.37.36-768x432.jpg 768w, https:\/\/voilierkribi.fr\/wp-content\/uploads\/2023\/04\/2022-08-20-18.37.36-1536x864.jpg 1536w, https:\/\/voilierkribi.fr\/wp-content\/uploads\/2023\/04\/2022-08-20-18.37.36-2048x1152.jpg 2048w\" sizes=\"auto, (max-width: 1024px) 100vw, 1024px\" \/><\/a><\/div><div class=\"advgb-post-wrapper\"><h2 class=\"advgb-post-title\"><a href=\"https:\/\/voilierkribi.fr\/index.php\/2023\/04\/09\/programme-2023\/\">Programme 2023<\/a><\/h2><div class=\"advgb-post-content\"><div class=\"advgb-post-excerpt\">Je d\u00e9bute ma seconde ann\u00e9e avec Kribi des projets plein la t\u00eate. Si 2022 m&rsquo;a permis de d\u00e9couvrir les joies et peines des travaux, je n&rsquo;ai pas pu passe<\/div><\/div><\/div><\/article><\/div><\/div>","protected":false},"excerpt":{"rendered":"","protected":false},"author":1,"featured_media":0,"parent":0,"menu_order":0,"comment_status":"closed","ping_status":"closed","template":"","meta":{"advgb_blocks_editor_width":"","advgb_blocks_columns_visual_guide":"","footnotes":""},"class_list":["post-860","page","type-page","status-publish","hentry"],"coauthors":[],"author_meta":{"author_link":"https:\/\/voilierkribi.fr\/index.php\/author\/admin7450\/","display_name":"Jean"},"relative_dates":{"created":"Publi\u00e9 3 ans il y a","modified":"Mis \u00e0 jour 1 an il y a"},"absolute_dates":{"created":"Publi\u00e9 le 24 f\u00e9vrier 2023","modified":"Mise \u00e0 jour le 30 octobre 2024"},"absolute_dates_time":{"created":"Publi\u00e9 le 24 f\u00e9vrier 2023 20h44","modified":"Mise \u00e0 jour le 30 octobre 2024 20h46"},"featured_img_caption":"","featured_img":false,"series_order":"","_links":{"self":[{"href":"https:\/\/voilierkribi.fr\/index.php\/wp-json\/wp\/v2\/pages\/860","targetHints":{"allow":["GET"]}}],"collection":[{"href":"https:\/\/voilierkribi.fr\/index.php\/wp-json\/wp\/v2\/pages"}],"about":[{"href":"https:\/\/voilierkribi.fr\/index.php\/wp-json\/wp\/v2\/types\/page"}],"author":[{"embeddable":true,"href":"https:\/\/voilierkribi.fr\/index.php\/wp-json\/wp\/v2\/users\/1"}],"replies":[{"embeddable":true,"href":"https:\/\/voilierkribi.fr\/index.php\/wp-json\/wp\/v2\/comments?post=860"}],"version-history":[{"count":36,"href":"https:\/\/voilierkribi.fr\/index.php\/wp-json\/wp\/v2\/pages\/860\/revisions"}],"predecessor-version":[{"id":2218,"href":"https:\/\/voilierkribi.fr\/index.php\/wp-json\/wp\/v2\/pages\/860\/revisions\/2218"}],"wp:attachment":[{"href":"https:\/\/voilierkribi.fr\/index.php\/wp-json\/wp\/v2\/media?parent=860"}],"curies":[{"name":"wp","href":"https:\/\/api.w.org\/{rel}","templated":true}]}}